{"id":208,"date":"2024-12-09T11:21:11","date_gmt":"2024-12-09T11:21:11","guid":{"rendered":"https:\/\/hospedajelegal.com\/aviso-legal\/"},"modified":"2024-12-09T11:21:11","modified_gmt":"2024-12-09T11:21:11","slug":"aviso-legal","status":"publish","type":"page","link":"https:\/\/hospedajelegal.com\/en\/aviso-legal\/","title":{"rendered":"Aviso legal"},"content":{"rendered":"<h3>IDENTIFYING DATA OF THE WEBSITE OWNER<\/h3>\n<p>compliance with the information duty set out in Article 10 of Law 34\/2002 of July 11 on Information Society Services and Electronic Commerce, <strong><em>KraakVC O\u00dc<\/em><\/strong>, with CIF EE102662812, hereinafter <strong>SES Hospedajes<\/strong>, as the owner of the website <strong>hospedajelegal.com<\/strong>, con domicilio en SepLasnam\u00e4e linnaosa, Sepapaja tn 6, c\u00f3digo postal 15551 en Tallinn, Harjumaa, direcci\u00f3n de correo electr\u00f3nico <a href=\"mailto:in&#102;&#111;%40hosp&#101;da%6ael%65%67&#97;l%2e%63om\">i&#110;&#102;&#111;&#64;&#104;&#111;&#115;&#112;ed&#97;j&#101;&#108;&#101;&#103;&#97;l&#46;&#99;&#111;m<\/a>, hereby provides the following information, which establishes and regulates the terms of use of this page, the limitations of liability, and the obligations that users of the website published under the domain name <strong><i>hospedajelegal.com<\/i><\/strong>,.es assume and commit to respect.<\/p>\n<h3>TERMS OF USE<\/h3>\n<p>The use of <strong>hospedajelegal.com<\/strong> grants the status of <strong>User<\/strong> of <strong>hospedajelegal.com<\/strong>, whether an individual or legal entity, and necessarily implies the full, complete, and unreserved acceptance of each and every clause and general condition included in this Legal Notice. If the <strong>User<\/strong> does not agree with the clauses and conditions of use of this Legal Notice, they must refrain from using. <strong>hospedajelegal.com<\/strong>. This Legal Notice is subject to changes and updates, so the version published by <strong>SES Hospedajes<\/strong> may be different each time the <strong>User<\/strong> accesses the Portal. Therefore, the <strong>User<\/strong> must read the Legal Notice each and every time they access <strong>hospedajelegal.com<\/strong>.<\/p>\n\n<p>Through <strong>hospedajelegal.com<\/strong>, <strong>SES Hospedajes<\/strong><b> <\/b>provides the <strong>User<\/strong> with access to and use of various Content published on the Internet by <strong>SES Hospedajes<\/strong> or by authorized third parties.<\/p>\n\n<p>The <strong>User<\/strong> is obliged and undertakes to use <strong>hospedajelegal.com<\/strong> hospedajelegal.com and the Content in accordance with current legislation, this Legal Notice, and any other notice or instructions made known to them, whether by means of this legal notice or elsewhere within the Content that makes up <strong>hospedajelegal.com<\/strong>, such as rules of coexistence, morality, and generally accepted good customs. To this end, the <strong>User<\/strong> undertakes NOT to use any of the Content for illegal purposes or effects, prohibited in this Legal Notice or by current legislation, harmful to the rights and interests of third parties, or that in any way may damage, disable, overload, deteriorate, or prevent the normal use of the Content, computer equipment, or documents, files, and all kinds of content stored on any computer equipment owned or contracted by <strong>SES Hospedajes<\/strong>, another <strong>USER<\/strong> or any Internet user (hardware and software).<\/p>\n\n<p>The <strong>User<\/strong> undertakes not to transmit, disseminate, or make available to third parties any kind of material contained on <strong>hospedajelegal.com<\/strong>, such as information, texts, data, content, messages, graphics, drawings, sound and\/or image files, photographs, recordings, software, logos, trademarks, icons, technology, photographs, software, links, graphic design, and source codes, or any other material to which they have access as a <strong>User<\/strong> of <strong>hospedajelegal.com<\/strong>, without this list being limiting. Likewise, in accordance with all of the above, the <strong>User<\/strong> may not:<\/p>\n<ul>\n<li>Reproduce, copy, distribute, make available, or otherwise publicly communicate, transform, or modify the Content, unless they have the express written authorization of <strong>SES Hospedajes<\/strong>, which holds the corresponding rights, or unless it is legally permitted.<\/li>\n<li>Remove, manipulate, or in any way alter the \u201ccopyright\u201d and other identifying data of the reservation of rights of <strong>SES Hospedajes<\/strong> or its holders, digital fingerprints and\/or identifiers, watermarks, or any other technical means established for their recognition.<\/li>\n<\/ul>\n<p>The <strong>User<\/strong> must refrain from obtaining or even attempting to obtain the Content using means or procedures other than those, as the case may be, made available for this purpose or indicated for this purpose on the web pages where the Content is found or, in general, those commonly used on the Internet for this purpose, provided they do not entail a risk of damage or disablement of <strong>hospedajelegal.com<\/strong>, and\/or the Content.<\/p>\n<h3>INTELLECTUAL PROPERTY<\/h3>\n<p>Todas las marcas, nombres comerciales o signos distintivos de cualquier clase que aparecen en <strong>hospedajelegal.com<\/strong> son propiedad de <strong>SES Hospedajes<\/strong> o, en su caso, de sus respectivos propietarios, sin que pueda entenderse que el uso o acceso al Portal y\/o a los Contenidos atribuya al <strong>User<\/strong> derecho alguno sobre las citadas marcas, nombres comerciales y\/o signos distintivos y sin que puedan entenderse cedidos al <strong>User<\/strong>, ninguno de los derechos de explotaci\u00f3n que existen o puedan existir sobre dichos Contenidos. De igual modo los Contenidos son propiedad intelectual de <strong>SES Hospedajes<\/strong>, o de terceros en su caso, por tanto, los derechos de Propiedad Intelectual son titularidad de <strong>SES Hospedajes<\/strong> o de terceros que han autorizado su uso, a quienes corresponde el ejercicio exclusivo de los derechos de explotaci\u00f3n de los mismos en cualquier forma y, en especial, los derechos de reproducci\u00f3n, distribuci\u00f3n, comunicaci\u00f3n p\u00fablica y transformaci\u00f3n. La utilizaci\u00f3n no autorizada de la informaci\u00f3n contenida en esta Web, as\u00ed como la lesi\u00f3n de los derechos de Propiedad Intelectual o Industrial de <strong>SES Hospedajes<\/strong> o de terceros incluidos en <strong>hospedajelegal.com<\/strong> que hayan cedido contenidos dar\u00e1 lugar a las responsabilidades legalmente establecidas.<\/p>\n<h3>DISPONIBILIDAD DE HOSPEDAJELEGAL.COM<\/h3>\n<p><strong>SES Hospedajes<\/strong> no garantiza la inexistencia de interrupciones o errores en el acceso a <strong>hospedajelegal.com<\/strong>, a sus contenidos, ni que este se encuentren actualizados, aunque desarrollar\u00e1 sus mejores esfuerzos para, en su caso, evitarlos, subsanarlos o actualizarlos. Por consiguiente, <strong>SES Hospedajes<\/strong> no se responsabiliza de los da\u00f1os o perjuicios de cualquier tipo producidos en el <strong>User<\/strong> que traigan causa de fallos o desconexiones en las redes de telecomunicaciones que produzcan la suspensi\u00f3n, cancelaci\u00f3n o interrupci\u00f3n del servicio del portal durante la prestaci\u00f3n del mismo o con car\u00e1cter previo.<\/p>\n\n<p><strong>SES Hospedajes<\/strong> excluye, con las excepciones contempladas en la legislaci\u00f3n vigente, cualquier responsabilidad por los da\u00f1os y perjuicios de toda naturaleza que puedan deberse a la falta de disponibilidad, continuidad o calidad del funcionamiento de <strong>hospedajelegal.com<\/strong> y de los Contenidos, al no cumplimiento de la expectativa de utilidad que el <strong>USER<\/strong> hubiera podido atribuir a <strong>hospedajelegal.com<\/strong> y a los Contenidos.<\/p>\n\n<p>La funci\u00f3n de los Hiperenlaces que aparecen en esta Web es exclusivamente la de informar al <strong>User<\/strong> acerca de la existencia de otras Web que contienen informaci\u00f3n sobre la materia. Dichos Hiperenlaces no constituyen sugerencia ni recomendaci\u00f3n alguna.<\/p>\n\n<p><strong>SES Hospedajes<\/strong> no se hace responsable de los contenidos de dichas p\u00e1ginas enlazadas, del funcionamiento o utilidad de los Hiperenlaces ni del resultado de dichos enlaces, ni garantiza la ausencia de virus u otros elementos en los mismos que puedan producir alteraciones en el sistema inform\u00e1tico (hardware y software), los documentos o los ficheros del <strong>User<\/strong>, excluyendo cualquier responsabilidad por los da\u00f1os de cualquier clase causados al <strong>User<\/strong> por este motivo.<\/p>\n\n<p>El acceso a <strong>hospedajelegal.com<\/strong> no implica la obligaci\u00f3n por parte de <strong>SES Hospedajes<\/strong> de controlar la ausencia de virus, gusanos o cualquier otro elemento inform\u00e1tico da\u00f1ino. Corresponde al <strong>User<\/strong>, en todo caso, la disponibilidad de herramientas adecuadas para la detecci\u00f3n y desinfecci\u00f3n de programas inform\u00e1ticos da\u00f1inos, por lo tanto, <strong>SES Hospedajes<\/strong> no se hace responsable de los posibles errores de seguridad que se puedan producir durante la prestaci\u00f3n del servicio de <strong>hospedajelegal.com<\/strong>, ni de los posibles da\u00f1os que puedan causarse al sistema inform\u00e1tico del <strong>User<\/strong> o de terceros (hardware y software), los ficheros o documentos almacenados en el mismo, como consecuencia de la presencia de virus en el ordenador del <strong>User<\/strong> utilizado para la conexi\u00f3n a los servicios y contenidos de la Web, de un mal funcionamiento del navegador o del uso de versiones no actualizadas del mismo.<\/p>\n\n<p>La prestaci\u00f3n del servicio de <strong>hospedajelegal.com<\/strong> y de los Contenidos tiene, en principio, duraci\u00f3n indefinida. <strong>SES Hospedajes<\/strong>, no obstante, queda autorizado para dar por terminada o suspender la prestaci\u00f3n del servicio de <strong>hospedajelegal.com<\/strong> y\/o de cualquiera de los Contenidos en cualquier momento. Cuando ello sea razonablemente posible, <strong>SES Hospedajes<\/strong> advertir\u00e1 previamente la terminaci\u00f3n o suspensi\u00f3n de <strong>hospedajelegal.com<\/strong>.<\/p>\n<h3>CALIDAD DE HOSPEDAJELEGAL.COM<\/h3>\n<p>Dado el entorno din\u00e1mico y cambiante de la informaci\u00f3n y servicios que se suministran por medio de <strong>hospedajelegal.com<\/strong>, <strong>SES Hospedajes<\/strong> realiza su mejor esfuerzo, pero no garantiza la completa veracidad, exactitud, fiabilidad, utilidad y\/o actualidad de los Contenidos. La informaci\u00f3n contenida en las p\u00e1ginas que componen este Portal solo tiene car\u00e1cter informativo, consultivo, divulgativo y publicitario. En ning\u00fan caso ofrecen ni tienen car\u00e1cter de compromiso vinculante o contractual.<\/p>\n<h3>LIMITATION OF LIABILITY<\/h3>\n<p><strong>SES Hospedajes<\/strong> excluye toda responsabilidad por las decisiones que el <strong>User<\/strong> pueda tomar basado en esta informaci\u00f3n, as\u00ed como por los posibles errores tipogr\u00e1ficos que puedan contener los documentos y gr\u00e1ficos de <strong>hospedajelegal.com<\/strong>. La informaci\u00f3n est\u00e1 sometida a posibles cambios peri\u00f3dicos sin previo aviso de su contenido por ampliaci\u00f3n, mejora, correcci\u00f3n o actualizaci\u00f3n de los Contenidos.<\/p>\n<h3>NOTIFICATIONS<\/h3>\n<p>Todas las notificaciones y comunicaciones por parte de <strong>SES Hospedajes<\/strong> al <strong>User<\/strong> realizados por cualquier medio se considerar\u00e1n eficaces a todos los efectos.<\/p>\n<h3>JURISDICTION<\/h3>\n<p>Para cuantas cuestiones se susciten sobre la interpretaci\u00f3n, aplicaci\u00f3n y cumplimiento de este Aviso Legal, as\u00ed como de las reclamaciones que puedan derivarse de su uso, todas las partes intervinientes se someten a los Jueces y Tribunales de la provincia de Harjumaa, renunciando de forma expresa a cualquier otro fuero que pudiera corresponderles.<\/p>\n<h3>APPLICABLE LAW<\/h3>\n<p>El presente Aviso Legal se rige por la normativa espa\u00f1ola vigente.<\/p>","protected":false},"excerpt":{"rendered":"","protected":false},"author":1,"featured_media":0,"parent":0,"menu_order":0,"comment_status":"closed","ping_status":"closed","template":"","meta":{"om_disable_all_campaigns":false,"_monsterinsights_skip_tracking":false,"_monsterinsights_sitenote_active":false,"_monsterinsights_sitenote_note":"","_monsterinsights_sitenote_category":0,"footnotes":""},"class_list":["post-208","page","type-page","status-publish","hentry"],"aioseo_notices":[],"_links":{"self":[{"href":"https:\/\/hospedajelegal.com\/en\/wp-json\/wp\/v2\/pages\/208","targetHints":{"allow":["GET"]}}],"collection":[{"href":"https:\/\/hospedajelegal.com\/en\/wp-json\/wp\/v2\/pages"}],"about":[{"href":"https:\/\/hospedajelegal.com\/en\/wp-json\/wp\/v2\/types\/page"}],"author":[{"embeddable":true,"href":"https:\/\/hospedajelegal.com\/en\/wp-json\/wp\/v2\/users\/1"}],"replies":[{"embeddable":true,"href":"https:\/\/hospedajelegal.com\/en\/wp-json\/wp\/v2\/comments?post=208"}],"version-history":[{"count":0,"href":"https:\/\/hospedajelegal.com\/en\/wp-json\/wp\/v2\/pages\/208\/revisions"}],"wp:attachment":[{"href":"https:\/\/hospedajelegal.com\/en\/wp-json\/wp\/v2\/media?parent=208"}],"curies":[{"name":"wp","href":"https:\/\/api.w.org\/{rel}","templated":true}]}}